{"id":5806,"date":"2021-08-16T09:37:02","date_gmt":"2021-08-16T09:37:02","guid":{"rendered":"https:\/\/stardustmontecarlo.com\/accessoires\/"},"modified":"2022-09-23T11:38:10","modified_gmt":"2022-09-23T11:38:10","slug":"accessoires","status":"publish","type":"page","link":"https:\/\/stardustmontecarlo.com\/fr\/accessoires\/","title":{"rendered":"Accessoires"},"content":{"rendered":"\t\t<div data-elementor-type=\"wp-page\" data-elementor-id=\"5806\" class=\"elementor elementor-5806 elementor-168\" data-elementor-post-type=\"page\">\n\t\t\t\t\t\t<section class=\"elementor-section elementor-top-section elementor-element elementor-element-2ce6d4d elementor-section-content-middle elementor-section-boxed elementor-section-height-default elementor-section-height-default\" data-id=\"2ce6d4d\" data-element_type=\"section\">\n\t\t\t\t\t\t<div class=\"elementor-container elementor-column-gap-no\">\n\t\t\t\t\t<div class=\"elementor-column elementor-col-100 elementor-top-column elementor-element elementor-element-8285ad5\" data-id=\"8285ad5\" data-element_type=\"column\">\n\t\t\t<div class=\"elementor-widget-wrap elementor-element-populated\">\n\t\t\t\t\t\t<div class=\"elementor-element elementor-element-aa37c73 elementor-widget elementor-widget-qi_addons_for_elementor_animated_text\" data-id=\"aa37c73\" data-element_type=\"widget\" data-widget_type=\"qi_addons_for_elementor_animated_text.default\">\n\t\t\t\t<div class=\"elementor-widget-container\">\n\t\t\t<div class=\"qodef-shortcode qodef-m qodef-qi-animated-text qodef--alignment-center qodef-qi--has-appear qodef--appear-fade\" >\n\t\t<h1 class=\"qodef-m-title\">\n\t\tStardust Priv\u00e9\t<\/h1>\n<\/div>\n\t\t<\/div>\n\t\t\t\t<\/div>\n\t\t\t\t<div class=\"elementor-element elementor-element-32e0b03 elementor-widget__width-initial elementor-widget elementor-widget-qi_addons_for_elementor_dropcaps\" data-id=\"32e0b03\" data-element_type=\"widget\" data-widget_type=\"qi_addons_for_elementor_dropcaps.default\">\n\t\t\t\t<div class=\"elementor-widget-container\">\n\t\t\t<div class=\"qodef-shortcode qodef-m qodef-qi-dropcaps\">\n\t\t\t<span class=\"qodef-m-letter\">\n\t\t\tU\t\t<\/span>\n\t\t<p class=\"qodef-m-text\">\n\t\t\tne collection d'accessoires de charme exclusivement con\u00e7ue pour rehausser l'\u00e9l\u00e9gance d'un homme.\t\t<\/p>\n\t<\/div>\n\t\t<\/div>\n\t\t\t\t<\/div>\n\t\t\t\t<div class=\"elementor-element elementor-element-c3a6aa3 elementor-widget elementor-widget-qi_addons_for_elementor_image_slider\" data-id=\"c3a6aa3\" data-element_type=\"widget\" data-widget_type=\"qi_addons_for_elementor_image_slider.default\">\n\t\t\t\t<div class=\"elementor-widget-container\">\n\t\t\t<div class=\"qodef-shortcode qodef-m qodef-qi-image-slider qodef-qi-fslightbox-popup qodef-popup-gallery qodef-col-num--4 qodef-qi-grid qodef-qi-swiper-container qodef-navigation--inside qodef-pagination--outside qodef-navigation--hover-move\" data-options=\"{&quot;direction&quot;:&quot;horizontal&quot;,&quot;slidesPerView&quot;:&quot;4&quot;,&quot;spaceBetween&quot;:30,&quot;spaceBetweenTablet&quot;:20,&quot;spaceBetweenMobile&quot;:10,&quot;effect&quot;:&quot;&quot;,&quot;loop&quot;:true,&quot;autoplay&quot;:true,&quot;centeredSlides&quot;:false,&quot;speed&quot;:&quot;2500&quot;,&quot;speedAnimation&quot;:&quot;&quot;,&quot;outsideNavigation&quot;:&quot;no&quot;,&quot;outsidePagination&quot;:&quot;yes&quot;,&quot;unique&quot;:885,&quot;partialValue&quot;:0,&quot;disablePartialValue&quot;:&quot;&quot;,&quot;parallax&quot;:&quot;no&quot;,&quot;customStages&quot;:true,&quot;slidesPerView1680&quot;:&quot;3&quot;,&quot;slidesPerView1440&quot;:&quot;3&quot;,&quot;slidesPerView1366&quot;:&quot;3&quot;,&quot;slidesPerView1024&quot;:&quot;3&quot;,&quot;slidesPerView768&quot;:&quot;3&quot;,&quot;slidesPerView680&quot;:&quot;2&quot;,&quot;slidesPerView480&quot;:&quot;2&quot;}\">\n\t<div class=\"swiper-wrapper\">\n\t\t<div class=\"qodef-e swiper-slide\">\n\t<div class=\"qodef-e-inner\">\n\t\t<div class=\"qodef-e-inner-holder\">\n\t\t\t\t\t\t\t<a class=\"qodef-popup-item\" itemprop=\"image\" href=\"https:\/\/stardustmontecarlo.com\/wp-content\/uploads\/2022\/06\/12.png\" data-type=\"image\" data-fslightbox=\"gallery-885\" data-e-disable-page-transition=\u201dtrue\u201d>\n\t\t\t\t\t\t\t<img fetchpriority=\"high\" decoding=\"async\" src=\"https:\/\/stardustmontecarlo.com\/wp-content\/uploads\/2022\/06\/12-500x500.png\" alt=\"\" width=\"500\" height=\"500\" \/>\t\t\t\t\t\t\t<\/a>\n\t\t\t\t\t<\/div>\n\t<\/div>\n\t<\/div>\n<div class=\"qodef-e swiper-slide\">\n\t<div class=\"qodef-e-inner\">\n\t\t<div class=\"qodef-e-inner-holder\">\n\t\t\t\t\t\t\t<a class=\"qodef-popup-item\" itemprop=\"image\" href=\"https:\/\/stardustmontecarlo.com\/wp-content\/uploads\/2022\/06\/13.png\" data-type=\"image\" data-fslightbox=\"gallery-885\" data-e-disable-page-transition=\u201dtrue\u201d>\n\t\t\t\t\t\t\t<img decoding=\"async\" src=\"https:\/\/stardustmontecarlo.com\/wp-content\/uploads\/2022\/06\/13-500x500.png\" alt=\"\" width=\"500\" height=\"500\" \/>\t\t\t\t\t\t\t<\/a>\n\t\t\t\t\t<\/div>\n\t<\/div>\n\t<\/div>\n<div class=\"qodef-e swiper-slide\">\n\t<div class=\"qodef-e-inner\">\n\t\t<div class=\"qodef-e-inner-holder\">\n\t\t\t\t\t\t\t<a class=\"qodef-popup-item\" itemprop=\"image\" href=\"https:\/\/stardustmontecarlo.com\/wp-content\/uploads\/2022\/06\/14.png\" data-type=\"image\" data-fslightbox=\"gallery-885\" data-e-disable-page-transition=\u201dtrue\u201d>\n\t\t\t\t\t\t\t<img decoding=\"async\" src=\"https:\/\/stardustmontecarlo.com\/wp-content\/uploads\/2022\/06\/14-500x500.png\" alt=\"\" width=\"500\" height=\"500\" \/>\t\t\t\t\t\t\t<\/a>\n\t\t\t\t\t<\/div>\n\t<\/div>\n\t<\/div>\n<div class=\"qodef-e swiper-slide\">\n\t<div class=\"qodef-e-inner\">\n\t\t<div class=\"qodef-e-inner-holder\">\n\t\t\t\t\t\t\t<a class=\"qodef-popup-item\" itemprop=\"image\" href=\"https:\/\/stardustmontecarlo.com\/wp-content\/uploads\/2022\/06\/15.png\" data-type=\"image\" data-fslightbox=\"gallery-885\" data-e-disable-page-transition=\u201dtrue\u201d>\n\t\t\t\t\t\t\t<img loading=\"lazy\" decoding=\"async\" src=\"https:\/\/stardustmontecarlo.com\/wp-content\/uploads\/2022\/06\/15-500x500.png\" alt=\"\" width=\"500\" height=\"500\" \/>\t\t\t\t\t\t\t<\/a>\n\t\t\t\t\t<\/div>\n\t<\/div>\n\t<\/div>\n<div class=\"qodef-e swiper-slide\">\n\t<div class=\"qodef-e-inner\">\n\t\t<div class=\"qodef-e-inner-holder\">\n\t\t\t\t\t\t\t<a class=\"qodef-popup-item\" itemprop=\"image\" href=\"https:\/\/stardustmontecarlo.com\/wp-content\/uploads\/2022\/06\/16.png\" data-type=\"image\" data-fslightbox=\"gallery-885\" data-e-disable-page-transition=\u201dtrue\u201d>\n\t\t\t\t\t\t\t<img loading=\"lazy\" decoding=\"async\" src=\"https:\/\/stardustmontecarlo.com\/wp-content\/uploads\/2022\/06\/16-500x500.png\" alt=\"\" width=\"500\" height=\"500\" \/>\t\t\t\t\t\t\t<\/a>\n\t\t\t\t\t<\/div>\n\t<\/div>\n\t<\/div>\n<div class=\"qodef-e swiper-slide\">\n\t<div class=\"qodef-e-inner\">\n\t\t<div class=\"qodef-e-inner-holder\">\n\t\t\t\t\t\t\t<a class=\"qodef-popup-item\" itemprop=\"image\" href=\"https:\/\/stardustmontecarlo.com\/wp-content\/uploads\/2022\/06\/17.png\" data-type=\"image\" data-fslightbox=\"gallery-885\" data-e-disable-page-transition=\u201dtrue\u201d>\n\t\t\t\t\t\t\t<img loading=\"lazy\" decoding=\"async\" src=\"https:\/\/stardustmontecarlo.com\/wp-content\/uploads\/2022\/06\/17-500x500.png\" alt=\"\" width=\"500\" height=\"500\" \/>\t\t\t\t\t\t\t<\/a>\n\t\t\t\t\t<\/div>\n\t<\/div>\n\t<\/div>\n<div class=\"qodef-e swiper-slide\">\n\t<div class=\"qodef-e-inner\">\n\t\t<div class=\"qodef-e-inner-holder\">\n\t\t\t\t\t\t\t<a class=\"qodef-popup-item\" itemprop=\"image\" href=\"https:\/\/stardustmontecarlo.com\/wp-content\/uploads\/2022\/06\/18.png\" data-type=\"image\" data-fslightbox=\"gallery-885\" data-e-disable-page-transition=\u201dtrue\u201d>\n\t\t\t\t\t\t\t<img loading=\"lazy\" decoding=\"async\" src=\"https:\/\/stardustmontecarlo.com\/wp-content\/uploads\/2022\/06\/18-500x500.png\" alt=\"\" width=\"500\" height=\"500\" \/>\t\t\t\t\t\t\t<\/a>\n\t\t\t\t\t<\/div>\n\t<\/div>\n\t<\/div>\n<div class=\"qodef-e swiper-slide\">\n\t<div class=\"qodef-e-inner\">\n\t\t<div class=\"qodef-e-inner-holder\">\n\t\t\t\t\t\t\t<a class=\"qodef-popup-item\" itemprop=\"image\" href=\"https:\/\/stardustmontecarlo.com\/wp-content\/uploads\/2022\/06\/19.png\" data-type=\"image\" data-fslightbox=\"gallery-885\" data-e-disable-page-transition=\u201dtrue\u201d>\n\t\t\t\t\t\t\t<img loading=\"lazy\" decoding=\"async\" src=\"https:\/\/stardustmontecarlo.com\/wp-content\/uploads\/2022\/06\/19-500x500.png\" alt=\"\" width=\"500\" height=\"500\" \/>\t\t\t\t\t\t\t<\/a>\n\t\t\t\t\t<\/div>\n\t<\/div>\n\t<\/div>\n<div class=\"qodef-e swiper-slide\">\n\t<div class=\"qodef-e-inner\">\n\t\t<div class=\"qodef-e-inner-holder\">\n\t\t\t\t\t\t\t<a class=\"qodef-popup-item\" itemprop=\"image\" href=\"https:\/\/stardustmontecarlo.com\/wp-content\/uploads\/2022\/07\/brocheb.png\" data-type=\"image\" data-fslightbox=\"gallery-885\" data-e-disable-page-transition=\u201dtrue\u201d>\n\t\t\t\t\t\t\t<img loading=\"lazy\" decoding=\"async\" src=\"https:\/\/stardustmontecarlo.com\/wp-content\/uploads\/2022\/07\/brocheb-500x500.png\" alt=\"\" width=\"500\" height=\"500\" \/>\t\t\t\t\t\t\t<\/a>\n\t\t\t\t\t<\/div>\n\t<\/div>\n\t<\/div>\n<div class=\"qodef-e swiper-slide\">\n\t<div class=\"qodef-e-inner\">\n\t\t<div class=\"qodef-e-inner-holder\">\n\t\t\t\t\t\t\t<a class=\"qodef-popup-item\" itemprop=\"image\" href=\"https:\/\/stardustmontecarlo.com\/wp-content\/uploads\/2022\/06\/3.png\" data-type=\"image\" data-fslightbox=\"gallery-885\" data-e-disable-page-transition=\u201dtrue\u201d>\n\t\t\t\t\t\t\t<img loading=\"lazy\" decoding=\"async\" src=\"https:\/\/stardustmontecarlo.com\/wp-content\/uploads\/2022\/06\/3-500x500.png\" alt=\"\" width=\"500\" height=\"500\" \/>\t\t\t\t\t\t\t<\/a>\n\t\t\t\t\t<\/div>\n\t<\/div>\n\t<\/div>\n<div class=\"qodef-e swiper-slide\">\n\t<div class=\"qodef-e-inner\">\n\t\t<div class=\"qodef-e-inner-holder\">\n\t\t\t\t\t\t\t<a class=\"qodef-popup-item\" itemprop=\"image\" href=\"https:\/\/stardustmontecarlo.com\/wp-content\/uploads\/2022\/06\/4.png\" data-type=\"image\" data-fslightbox=\"gallery-885\" data-e-disable-page-transition=\u201dtrue\u201d>\n\t\t\t\t\t\t\t<img loading=\"lazy\" decoding=\"async\" src=\"https:\/\/stardustmontecarlo.com\/wp-content\/uploads\/2022\/06\/4-500x500.png\" alt=\"\" width=\"500\" height=\"500\" \/>\t\t\t\t\t\t\t<\/a>\n\t\t\t\t\t<\/div>\n\t<\/div>\n\t<\/div>\n<div class=\"qodef-e swiper-slide\">\n\t<div class=\"qodef-e-inner\">\n\t\t<div class=\"qodef-e-inner-holder\">\n\t\t\t\t\t\t\t<a class=\"qodef-popup-item\" itemprop=\"image\" href=\"https:\/\/stardustmontecarlo.com\/wp-content\/uploads\/2022\/06\/5.png\" data-type=\"image\" data-fslightbox=\"gallery-885\" data-e-disable-page-transition=\u201dtrue\u201d>\n\t\t\t\t\t\t\t<img loading=\"lazy\" decoding=\"async\" src=\"https:\/\/stardustmontecarlo.com\/wp-content\/uploads\/2022\/06\/5-500x500.png\" alt=\"\" width=\"500\" height=\"500\" \/>\t\t\t\t\t\t\t<\/a>\n\t\t\t\t\t<\/div>\n\t<\/div>\n\t<\/div>\n<div class=\"qodef-e swiper-slide\">\n\t<div class=\"qodef-e-inner\">\n\t\t<div class=\"qodef-e-inner-holder\">\n\t\t\t\t\t\t\t<a class=\"qodef-popup-item\" itemprop=\"image\" href=\"https:\/\/stardustmontecarlo.com\/wp-content\/uploads\/2022\/07\/braceletb.png\" data-type=\"image\" data-fslightbox=\"gallery-885\" data-e-disable-page-transition=\u201dtrue\u201d>\n\t\t\t\t\t\t\t<img loading=\"lazy\" decoding=\"async\" src=\"https:\/\/stardustmontecarlo.com\/wp-content\/uploads\/2022\/07\/braceletb-500x500.png\" alt=\"\" width=\"500\" height=\"500\" \/>\t\t\t\t\t\t\t<\/a>\n\t\t\t\t\t<\/div>\n\t<\/div>\n\t<\/div>\n<div class=\"qodef-e swiper-slide\">\n\t<div class=\"qodef-e-inner\">\n\t\t<div class=\"qodef-e-inner-holder\">\n\t\t\t\t\t\t\t<a class=\"qodef-popup-item\" itemprop=\"image\" href=\"https:\/\/stardustmontecarlo.com\/wp-content\/uploads\/2022\/06\/8.png\" data-type=\"image\" data-fslightbox=\"gallery-885\" data-e-disable-page-transition=\u201dtrue\u201d>\n\t\t\t\t\t\t\t<img loading=\"lazy\" decoding=\"async\" src=\"https:\/\/stardustmontecarlo.com\/wp-content\/uploads\/2022\/06\/8-500x500.png\" alt=\"\" width=\"500\" height=\"500\" \/>\t\t\t\t\t\t\t<\/a>\n\t\t\t\t\t<\/div>\n\t<\/div>\n\t<\/div>\n<div class=\"qodef-e swiper-slide\">\n\t<div class=\"qodef-e-inner\">\n\t\t<div class=\"qodef-e-inner-holder\">\n\t\t\t\t\t\t\t<a class=\"qodef-popup-item\" itemprop=\"image\" href=\"https:\/\/stardustmontecarlo.com\/wp-content\/uploads\/2022\/06\/9.png\" data-type=\"image\" data-fslightbox=\"gallery-885\" data-e-disable-page-transition=\u201dtrue\u201d>\n\t\t\t\t\t\t\t<img loading=\"lazy\" decoding=\"async\" src=\"https:\/\/stardustmontecarlo.com\/wp-content\/uploads\/2022\/06\/9-500x500.png\" alt=\"\" width=\"500\" height=\"500\" \/>\t\t\t\t\t\t\t<\/a>\n\t\t\t\t\t<\/div>\n\t<\/div>\n\t<\/div>\n<div class=\"qodef-e swiper-slide\">\n\t<div class=\"qodef-e-inner\">\n\t\t<div class=\"qodef-e-inner-holder\">\n\t\t\t\t\t\t\t<a class=\"qodef-popup-item\" itemprop=\"image\" href=\"https:\/\/stardustmontecarlo.com\/wp-content\/uploads\/2022\/06\/11.png\" data-type=\"image\" data-fslightbox=\"gallery-885\" data-e-disable-page-transition=\u201dtrue\u201d>\n\t\t\t\t\t\t\t<img loading=\"lazy\" decoding=\"async\" src=\"https:\/\/stardustmontecarlo.com\/wp-content\/uploads\/2022\/06\/11-500x500.png\" alt=\"\" width=\"500\" height=\"500\" \/>\t\t\t\t\t\t\t<\/a>\n\t\t\t\t\t<\/div>\n\t<\/div>\n\t<\/div>\n\t<\/div>\n\t\t<div class=\"swiper-button-prev\"><svg class=\"qodef-swiper-arrow-left\" xmlns=\"http:\/\/www.w3.org\/2000\/svg\" x=\"0px\" y=\"0px\" viewBox=\"0 0 34.2 32.3\" xml:space=\"preserve\" style=\"stroke-width: 2;\"><line x1=\"0.5\" y1=\"16\" x2=\"33.5\" y2=\"16\"\/><line x1=\"0.3\" y1=\"16.5\" x2=\"16.2\" y2=\"0.7\"\/><line x1=\"0\" y1=\"15.4\" x2=\"16.2\" y2=\"31.6\"\/><\/svg><\/div>\n\t<div class=\"swiper-button-next\"><svg class=\"qodef-swiper-arrow-right\" xmlns=\"http:\/\/www.w3.org\/2000\/svg\" x=\"0px\" y=\"0px\" viewBox=\"0 0 34.2 32.3\" xml:space=\"preserve\" style=\"stroke-width: 2;\"><line x1=\"0\" y1=\"16\" x2=\"33\" y2=\"16\"\/><line x1=\"17.3\" y1=\"0.7\" x2=\"33.2\" y2=\"16.5\"\/><line x1=\"17.3\" y1=\"31.6\" x2=\"33.5\" y2=\"15.4\"\/><\/svg><\/div>\n<\/div>\n\t<div class=\"swiper-pagination qodef-swiper-pagination-outside swiper-pagination-885\"><\/div>\n\t\t<\/div>\n\t\t\t\t<\/div>\n\t\t\t\t\t<\/div>\n\t\t<\/div>\n\t\t\t\t\t<\/div>\n\t\t<\/section>\n\t\t\t\t<\/div>\n\t\t","protected":false},"excerpt":{"rendered":"<p>Stardust Priv\u00e9 U ne collection d&rsquo;accessoires de charme exclusivement con\u00e7ue pour rehausser l&rsquo;\u00e9l\u00e9gance d&rsquo;un homme.<\/p>\n","protected":false},"author":2,"featured_media":0,"parent":0,"menu_order":0,"comment_status":"closed","ping_status":"closed","template":"elementor_header_footer","meta":{"footnotes":""},"class_list":["post-5806","page","type-page","status-publish","hentry","entry"],"_links":{"self":[{"href":"https:\/\/stardustmontecarlo.com\/fr\/wp-json\/wp\/v2\/pages\/5806","targetHints":{"allow":["GET"]}}],"collection":[{"href":"https:\/\/stardustmontecarlo.com\/fr\/wp-json\/wp\/v2\/pages"}],"about":[{"href":"https:\/\/stardustmontecarlo.com\/fr\/wp-json\/wp\/v2\/types\/page"}],"author":[{"embeddable":true,"href":"https:\/\/stardustmontecarlo.com\/fr\/wp-json\/wp\/v2\/users\/2"}],"replies":[{"embeddable":true,"href":"https:\/\/stardustmontecarlo.com\/fr\/wp-json\/wp\/v2\/comments?post=5806"}],"version-history":[{"count":8,"href":"https:\/\/stardustmontecarlo.com\/fr\/wp-json\/wp\/v2\/pages\/5806\/revisions"}],"predecessor-version":[{"id":6229,"href":"https:\/\/stardustmontecarlo.com\/fr\/wp-json\/wp\/v2\/pages\/5806\/revisions\/6229"}],"wp:attachment":[{"href":"https:\/\/stardustmontecarlo.com\/fr\/wp-json\/wp\/v2\/media?parent=5806"}],"curies":[{"name":"wp","href":"https:\/\/api.w.org\/{rel}","templated":true}]}}