{"id":5847,"date":"2021-09-27T17:35:46","date_gmt":"2021-09-27T17:35:46","guid":{"rendered":"https:\/\/stardustmontecarlo.com\/lart-de-la-haute-joaillerie-stardust-monte-carlo\/"},"modified":"2022-09-23T09:52:08","modified_gmt":"2022-09-23T09:52:08","slug":"lart-de-la-haute-joaillerie-stardust-monte-carlo","status":"publish","type":"page","link":"https:\/\/stardustmontecarlo.com\/fr\/lart-de-la-haute-joaillerie-stardust-monte-carlo\/","title":{"rendered":"L&rsquo;Art de la Haute Joaillerie | Stardust Monte-Carlo"},"content":{"rendered":"\t\t<div data-elementor-type=\"wp-page\" data-elementor-id=\"5847\" class=\"elementor elementor-5847 elementor-744\" data-elementor-post-type=\"page\">\n\t\t\t\t\t\t<section class=\"elementor-section elementor-top-section elementor-element elementor-element-44282394 elementor-section-height-min-height elementor-section-boxed elementor-section-height-default elementor-section-items-middle\" data-id=\"44282394\" data-element_type=\"section\" data-settings=\"{&quot;background_background&quot;:&quot;classic&quot;}\">\n\t\t\t\t\t\t\t<div class=\"elementor-background-overlay\"><\/div>\n\t\t\t\t\t\t\t<div class=\"elementor-container elementor-column-gap-default\">\n\t\t\t\t\t<div class=\"elementor-column elementor-col-100 elementor-top-column elementor-element elementor-element-7435193\" data-id=\"7435193\" data-element_type=\"column\">\n\t\t\t<div class=\"elementor-widget-wrap elementor-element-populated\">\n\t\t\t\t\t\t<div class=\"elementor-element elementor-element-1cb9b4ad elementor-widget elementor-widget-heading\" data-id=\"1cb9b4ad\" data-element_type=\"widget\" data-widget_type=\"heading.default\">\n\t\t\t\t<div class=\"elementor-widget-container\">\n\t\t\t<style>\/*! elementor - v3.19.0 - 07-02-2024 *\/\n.elementor-heading-title{padding:0;margin:0;line-height:1}.elementor-widget-heading .elementor-heading-title[class*=elementor-size-]>a{color:inherit;font-size:inherit;line-height:inherit}.elementor-widget-heading .elementor-heading-title.elementor-size-small{font-size:15px}.elementor-widget-heading .elementor-heading-title.elementor-size-medium{font-size:19px}.elementor-widget-heading .elementor-heading-title.elementor-size-large{font-size:29px}.elementor-widget-heading .elementor-heading-title.elementor-size-xl{font-size:39px}.elementor-widget-heading .elementor-heading-title.elementor-size-xxl{font-size:59px}<\/style><h1 class=\"elementor-heading-title elementor-size-default\">L'Art de la Haute Joaillerie <\/h1>\t\t<\/div>\n\t\t\t\t<\/div>\n\t\t\t\t\t<\/div>\n\t\t<\/div>\n\t\t\t\t\t<\/div>\n\t\t<\/section>\n\t\t\t\t<section class=\"elementor-section elementor-top-section elementor-element elementor-element-77f825b4 elementor-section-boxed elementor-section-height-default elementor-section-height-default\" data-id=\"77f825b4\" data-element_type=\"section\" id=\"hero_down\" data-settings=\"{&quot;motion_fx_motion_fx_scrolling&quot;:&quot;yes&quot;,&quot;motion_fx_devices&quot;:[&quot;desktop&quot;,&quot;tablet&quot;,&quot;mobile&quot;]}\">\n\t\t\t\t\t\t<div class=\"elementor-container elementor-column-gap-no\">\n\t\t\t\t\t<div class=\"elementor-column elementor-col-50 elementor-top-column elementor-element elementor-element-3a832bab\" data-id=\"3a832bab\" data-element_type=\"column\">\n\t\t\t<div class=\"elementor-widget-wrap elementor-element-populated\">\n\t\t\t\t\t\t<div class=\"elementor-element elementor-element-12dbe71 elementor-widget elementor-widget-image\" data-id=\"12dbe71\" data-element_type=\"widget\" data-widget_type=\"image.default\">\n\t\t\t\t<div class=\"elementor-widget-container\">\n\t\t\t<style>\/*! elementor - v3.19.0 - 07-02-2024 *\/\n.elementor-widget-image{text-align:center}.elementor-widget-image a{display:inline-block}.elementor-widget-image a img[src$=\".svg\"]{width:48px}.elementor-widget-image img{vertical-align:middle;display:inline-block}<\/style>\t\t\t\t\t\t\t\t\t\t<img fetchpriority=\"high\" decoding=\"async\" width=\"662\" height=\"1024\" src=\"https:\/\/stardustmontecarlo.com\/wp-content\/uploads\/2021\/11\/collier-662x1024.jpg\" class=\"attachment-large size-large wp-image-2009\" alt=\"\" srcset=\"https:\/\/stardustmontecarlo.com\/wp-content\/uploads\/2021\/11\/collier-662x1024.jpg 662w, https:\/\/stardustmontecarlo.com\/wp-content\/uploads\/2021\/11\/collier-194x300.jpg 194w, https:\/\/stardustmontecarlo.com\/wp-content\/uploads\/2021\/11\/collier-768x1189.jpg 768w, https:\/\/stardustmontecarlo.com\/wp-content\/uploads\/2021\/11\/collier.jpg 900w\" sizes=\"(max-width: 662px) 100vw, 662px\" style=\"width:100%;height:154.78%;max-width:900px\" \/>\t\t\t\t\t\t\t\t\t\t\t\t\t<\/div>\n\t\t\t\t<\/div>\n\t\t\t\t\t<\/div>\n\t\t<\/div>\n\t\t\t\t<div class=\"elementor-column elementor-col-50 elementor-top-column elementor-element elementor-element-7072ca13\" data-id=\"7072ca13\" data-element_type=\"column\">\n\t\t\t<div class=\"elementor-widget-wrap elementor-element-populated\">\n\t\t\t\t\t\t<div class=\"elementor-element elementor-element-4aa8590 elementor-widget elementor-widget-qi_addons_for_elementor_animated_text\" data-id=\"4aa8590\" data-element_type=\"widget\" data-widget_type=\"qi_addons_for_elementor_animated_text.default\">\n\t\t\t\t<div class=\"elementor-widget-container\">\n\t\t\t<div class=\"qodef-shortcode qodef-m qodef-qi-animated-text qodef--alignment-left qodef-qi--has-appear qodef--appear-fade\" >\n\t\t<h2 class=\"qodef-m-title\">\n\t\tNotre Expertise\t<\/h2>\n<\/div>\n\t\t<\/div>\n\t\t\t\t<\/div>\n\t\t\t\t<div class=\"elementor-element elementor-element-cc0c9b6 elementor-widget__width-initial elementor-widget elementor-widget-text-editor\" data-id=\"cc0c9b6\" data-element_type=\"widget\" data-widget_type=\"text-editor.default\">\n\t\t\t\t<div class=\"elementor-widget-container\">\n\t\t\t<style>\/*! elementor - v3.19.0 - 07-02-2024 *\/\n.elementor-widget-text-editor.elementor-drop-cap-view-stacked .elementor-drop-cap{background-color:#69727d;color:#fff}.elementor-widget-text-editor.elementor-drop-cap-view-framed .elementor-drop-cap{color:#69727d;border:3px solid;background-color:transparent}.elementor-widget-text-editor:not(.elementor-drop-cap-view-default) .elementor-drop-cap{margin-top:8px}.elementor-widget-text-editor:not(.elementor-drop-cap-view-default) .elementor-drop-cap-letter{width:1em;height:1em}.elementor-widget-text-editor .elementor-drop-cap{float:left;text-align:center;line-height:1;font-size:50px}.elementor-widget-text-editor .elementor-drop-cap-letter{display:inline-block}<\/style>\t\t\t\t<p>L&rsquo;innovation est au c\u0153ur de la d\u00e9marche cr\u00e9ative de la Maison Stardust Monte-Carlo, que ce soit en termes de mat\u00e9riaux ou de techniques de transformation, l&rsquo;innovation s&rsquo;exprime toujours pleinement \u00e0 travers les cr\u00e9ations de la Maison.<\/p>\t\t\t\t\t\t<\/div>\n\t\t\t\t<\/div>\n\t\t\t\t\t<\/div>\n\t\t<\/div>\n\t\t\t\t\t<\/div>\n\t\t<\/section>\n\t\t\t\t<section class=\"elementor-section elementor-top-section elementor-element elementor-element-4f111558 elementor-section-boxed elementor-section-height-default elementor-section-height-default\" data-id=\"4f111558\" data-element_type=\"section\" data-settings=\"{&quot;motion_fx_motion_fx_scrolling&quot;:&quot;yes&quot;,&quot;motion_fx_devices&quot;:[&quot;desktop&quot;,&quot;tablet&quot;,&quot;mobile&quot;]}\">\n\t\t\t\t\t\t<div class=\"elementor-container elementor-column-gap-no\">\n\t\t\t\t\t<div class=\"elementor-column elementor-col-33 elementor-top-column elementor-element elementor-element-5a1f0d0f\" data-id=\"5a1f0d0f\" data-element_type=\"column\">\n\t\t\t<div class=\"elementor-widget-wrap elementor-element-populated\">\n\t\t\t\t\t\t<div class=\"elementor-element elementor-element-2c56daec elementor-widget elementor-widget-text-editor\" data-id=\"2c56daec\" data-element_type=\"widget\" data-widget_type=\"text-editor.default\">\n\t\t\t\t<div class=\"elementor-widget-container\">\n\t\t\t\t\t\t\t<p>Notre directrice artistique transmet sa vision \u00e0 chaque pi\u00e8ce de la collection, jusqu&rsquo;aux moindres d\u00e9tails.\n<br><br>\nLorsque le design du bijou est finalis\u00e9, nos artisans de l&rsquo;Atelier fabriquent les pi\u00e8ces \u00e0 la main en utilisant des techniques soigneusement s\u00e9lectionn\u00e9es.<\/p>\t\t\t\t\t\t<\/div>\n\t\t\t\t<\/div>\n\t\t\t\t\t<\/div>\n\t\t<\/div>\n\t\t\t\t<div class=\"elementor-column elementor-col-33 elementor-top-column elementor-element elementor-element-3953bdd1\" data-id=\"3953bdd1\" data-element_type=\"column\">\n\t\t\t<div class=\"elementor-widget-wrap elementor-element-populated\">\n\t\t\t\t\t\t<section class=\"elementor-section elementor-inner-section elementor-element elementor-element-3a25c5a7 elementor-section-full_width elementor-section-height-default elementor-section-height-default\" data-id=\"3a25c5a7\" data-element_type=\"section\">\n\t\t\t\t\t\t<div class=\"elementor-container elementor-column-gap-no\">\n\t\t\t\t\t<div class=\"elementor-column elementor-col-100 elementor-inner-column elementor-element elementor-element-38a2a1e0\" data-id=\"38a2a1e0\" data-element_type=\"column\">\n\t\t\t<div class=\"elementor-widget-wrap elementor-element-populated\">\n\t\t\t\t\t\t<div class=\"elementor-element elementor-element-2d2a07ea animated-slow elementor-invisible elementor-widget elementor-widget-image\" data-id=\"2d2a07ea\" data-element_type=\"widget\" data-settings=\"{&quot;_animation&quot;:&quot;fadeIn&quot;}\" data-widget_type=\"image.default\">\n\t\t\t\t<div class=\"elementor-widget-container\">\n\t\t\t\t\t\t\t\t\t\t\t\t\t<img decoding=\"async\" width=\"554\" height=\"554\" src=\"https:\/\/stardustmontecarlo.com\/wp-content\/uploads\/2021\/11\/earings.png\" class=\"attachment-full size-full wp-image-1935\" alt=\"\" srcset=\"https:\/\/stardustmontecarlo.com\/wp-content\/uploads\/2021\/11\/earings.png 554w, https:\/\/stardustmontecarlo.com\/wp-content\/uploads\/2021\/11\/earings-300x300.png 300w, https:\/\/stardustmontecarlo.com\/wp-content\/uploads\/2021\/11\/earings-150x150.png 150w\" sizes=\"(max-width: 554px) 100vw, 554px\" style=\"width:100%;height:100%;max-width:554px\" \/>\t\t\t\t\t\t\t\t\t\t\t\t\t<\/div>\n\t\t\t\t<\/div>\n\t\t\t\t\t<\/div>\n\t\t<\/div>\n\t\t\t\t\t<\/div>\n\t\t<\/section>\n\t\t\t\t\t<\/div>\n\t\t<\/div>\n\t\t\t\t<div class=\"elementor-column elementor-col-33 elementor-top-column elementor-element elementor-element-495f702\" data-id=\"495f702\" data-element_type=\"column\">\n\t\t\t<div class=\"elementor-widget-wrap elementor-element-populated\">\n\t\t\t\t\t\t<section class=\"elementor-section elementor-inner-section elementor-element elementor-element-7613d47 elementor-section-full_width elementor-section-height-default elementor-section-height-default\" data-id=\"7613d47\" data-element_type=\"section\">\n\t\t\t\t\t\t<div class=\"elementor-container elementor-column-gap-no\">\n\t\t\t\t\t<div class=\"elementor-column elementor-col-100 elementor-inner-column elementor-element elementor-element-9bcec74\" data-id=\"9bcec74\" data-element_type=\"column\">\n\t\t\t<div class=\"elementor-widget-wrap elementor-element-populated\">\n\t\t\t\t\t\t<div class=\"elementor-element elementor-element-93d0bcf animated-slow elementor-invisible elementor-widget elementor-widget-image\" data-id=\"93d0bcf\" data-element_type=\"widget\" data-settings=\"{&quot;_animation&quot;:&quot;fadeIn&quot;}\" data-widget_type=\"image.default\">\n\t\t\t\t<div class=\"elementor-widget-container\">\n\t\t\t\t\t\t\t\t\t\t\t\t\t<img decoding=\"async\" width=\"1636\" height=\"2292\" src=\"https:\/\/stardustmontecarlo.com\/wp-content\/uploads\/2021\/10\/unnamed.jpeg\" class=\"attachment-full size-full wp-image-1267\" alt=\"\" srcset=\"https:\/\/stardustmontecarlo.com\/wp-content\/uploads\/2021\/10\/unnamed.jpeg 1636w, https:\/\/stardustmontecarlo.com\/wp-content\/uploads\/2021\/10\/unnamed-214x300.jpeg 214w, https:\/\/stardustmontecarlo.com\/wp-content\/uploads\/2021\/10\/unnamed-731x1024.jpeg 731w, https:\/\/stardustmontecarlo.com\/wp-content\/uploads\/2021\/10\/unnamed-768x1076.jpeg 768w, https:\/\/stardustmontecarlo.com\/wp-content\/uploads\/2021\/10\/unnamed-1096x1536.jpeg 1096w, https:\/\/stardustmontecarlo.com\/wp-content\/uploads\/2021\/10\/unnamed-1462x2048.jpeg 1462w, https:\/\/stardustmontecarlo.com\/wp-content\/uploads\/2021\/10\/unnamed-1568x2197.jpeg 1568w\" sizes=\"(max-width: 1636px) 100vw, 1636px\" style=\"width:100%;height:140.1%;max-width:1636px\" \/>\t\t\t\t\t\t\t\t\t\t\t\t\t<\/div>\n\t\t\t\t<\/div>\n\t\t\t\t\t<\/div>\n\t\t<\/div>\n\t\t\t\t\t<\/div>\n\t\t<\/section>\n\t\t\t\t\t<\/div>\n\t\t<\/div>\n\t\t\t\t\t<\/div>\n\t\t<\/section>\n\t\t\t\t<section class=\"elementor-section elementor-top-section elementor-element elementor-element-da0a908 elementor-section-boxed elementor-section-height-default elementor-section-height-default\" data-id=\"da0a908\" data-element_type=\"section\">\n\t\t\t\t\t\t<div class=\"elementor-container elementor-column-gap-default\">\n\t\t\t\t\t<div class=\"elementor-column elementor-col-100 elementor-top-column elementor-element elementor-element-cd4d29c\" data-id=\"cd4d29c\" data-element_type=\"column\">\n\t\t\t<div class=\"elementor-widget-wrap elementor-element-populated\">\n\t\t\t\t\t\t<div class=\"elementor-element elementor-element-22e5b802 elementor-widget__width-initial elementor-widget elementor-widget-text-editor\" data-id=\"22e5b802\" data-element_type=\"widget\" data-widget_type=\"text-editor.default\">\n\t\t\t\t<div class=\"elementor-widget-container\">\n\t\t\t\t\t\t\tLes bijoutiers cr\u00e9ent un mod\u00e8le de bijou cire en 3D qui refl\u00e8te le design final original. Le mod\u00e8le est sculpt\u00e9, d\u00e9coup\u00e9 et fabriqu\u00e9 \u00e0 la main tr\u00e8s soigneusement. Pour en savoir plus, nous vous invitons \u00e0 d\u00e9couvrir les collections de Haute Joaillerie de la Maison.\t\t\t\t\t\t<\/div>\n\t\t\t\t<\/div>\n\t\t\t\t<div class=\"elementor-element elementor-element-2c55140 center elementor-widget elementor-widget-qi_addons_for_elementor_button\" data-id=\"2c55140\" data-element_type=\"widget\" data-widget_type=\"qi_addons_for_elementor_button.default\">\n\t\t\t\t<div class=\"elementor-widget-container\">\n\t\t\t<a class=\"qodef-shortcode qodef-m qodef-qi-button qodef-html--link qodef-layout--textual qodef-icon--right qodef-hover--icon-move-horizontal-short qodef-text-underline qodef-underline--left\" href=\"\/fine-jewellery-haute-joaillerie\/\" target=\"_self\">\n\t<span class=\"qodef-m-text\">Haute Joaillerie<\/span>\n\t<\/a>\n\t\t<\/div>\n\t\t\t\t<\/div>\n\t\t\t\t\t<\/div>\n\t\t<\/div>\n\t\t\t\t\t<\/div>\n\t\t<\/section>\n\t\t\t\t<section class=\"elementor-section elementor-top-section elementor-element elementor-element-c4d3c93 elementor-section-boxed elementor-section-height-default elementor-section-height-default\" data-id=\"c4d3c93\" data-element_type=\"section\">\n\t\t\t\t\t\t<div class=\"elementor-container elementor-column-gap-no\">\n\t\t\t\t\t<div class=\"elementor-column elementor-col-50 elementor-top-column elementor-element elementor-element-ef74bc5\" data-id=\"ef74bc5\" data-element_type=\"column\">\n\t\t\t<div class=\"elementor-widget-wrap elementor-element-populated\">\n\t\t\t\t\t\t<div class=\"elementor-element elementor-element-f841b90 elementor-invisible elementor-widget elementor-widget-heading\" data-id=\"f841b90\" data-element_type=\"widget\" data-settings=\"{&quot;_animation&quot;:&quot;fadeIn&quot;}\" data-widget_type=\"heading.default\">\n\t\t\t\t<div class=\"elementor-widget-container\">\n\t\t\t<h2 class=\"elementor-heading-title elementor-size-default\">Pierres Pr\u00e9cieuses de Couleur\n<\/h2>\t\t<\/div>\n\t\t\t\t<\/div>\n\t\t\t\t<div class=\"elementor-element elementor-element-8772572 elementor-widget elementor-widget-text-editor\" data-id=\"8772572\" data-element_type=\"widget\" data-widget_type=\"text-editor.default\">\n\t\t\t\t<div class=\"elementor-widget-container\">\n\t\t\t\t\t\t\t<p>Stardust Monte-Carlo pr\u00e9sente les pierres pr\u00e9cieuses rares naturelles les plus merveilleuses du monde, comme les Rubis de Birmanie, les Saphirs du Kashmir et les Diamants de Couleur.<\/p><p><em>\u00ab\u00a0Nous v\u00e9rifions soigneusement chaque pierre pour nous assurer qu&rsquo;elle r\u00e9pond \u00e0 nos normes de taille, de clart\u00e9, de poids en carats et de couleur.\u00a0\u00bb<\/em><br><\/p>\t\t\t\t\t\t<\/div>\n\t\t\t\t<\/div>\n\t\t\t\t<div class=\"elementor-element elementor-element-d1cea38 elementor-widget elementor-widget-qi_addons_for_elementor_button\" data-id=\"d1cea38\" data-element_type=\"widget\" data-widget_type=\"qi_addons_for_elementor_button.default\">\n\t\t\t\t<div class=\"elementor-widget-container\">\n\t\t\t<a class=\"qodef-shortcode qodef-m qodef-qi-button qodef-html--link qodef-layout--textual qodef-icon--right qodef-hover--icon-move-horizontal-short qodef-text-underline qodef-underline--left\" href=\"https:\/\/stardustmontecarlo.com\/precious-stones\/\" target=\"_self\">\n\t<span class=\"qodef-m-text\">D\u00e9couvrez la Collection<\/span>\n\t<\/a>\n\t\t<\/div>\n\t\t\t\t<\/div>\n\t\t\t\t\t<\/div>\n\t\t<\/div>\n\t\t\t\t<div class=\"elementor-column elementor-col-50 elementor-top-column elementor-element elementor-element-1a4c447\" data-id=\"1a4c447\" data-element_type=\"column\">\n\t\t\t<div class=\"elementor-widget-wrap elementor-element-populated\">\n\t\t\t\t\t\t<div class=\"elementor-element elementor-element-e7603e5 elementor-invisible elementor-widget elementor-widget-heading\" data-id=\"e7603e5\" data-element_type=\"widget\" data-settings=\"{&quot;_animation&quot;:&quot;fadeIn&quot;}\" data-widget_type=\"heading.default\">\n\t\t\t\t<div class=\"elementor-widget-container\">\n\t\t\t<h2 class=\"elementor-heading-title elementor-size-default\">Tra\u00e7abilit\u00e9 des Mati\u00e8res Premi\u00e8res\n<\/h2>\t\t<\/div>\n\t\t\t\t<\/div>\n\t\t\t\t<div class=\"elementor-element elementor-element-5bc56c35 elementor-widget elementor-widget-text-editor\" data-id=\"5bc56c35\" data-element_type=\"widget\" data-widget_type=\"text-editor.default\">\n\t\t\t\t<div class=\"elementor-widget-container\">\n\t\t\t\t\t\t\t<p>En adoptant un approvisionnement responsable en mati\u00e8res premi\u00e8res de haute qualit\u00e9, nous respectons notre environnement et cr\u00e9ons des bijoux exceptionnels.<br><br><\/p>\t\t\t\t\t\t<\/div>\n\t\t\t\t<\/div>\n\t\t\t\t<div class=\"elementor-element elementor-element-7b76e2d elementor-widget elementor-widget-qi_addons_for_elementor_button\" data-id=\"7b76e2d\" data-element_type=\"widget\" data-widget_type=\"qi_addons_for_elementor_button.default\">\n\t\t\t\t<div class=\"elementor-widget-container\">\n\t\t\t<a class=\"qodef-shortcode qodef-m qodef-qi-button qodef-html--link qodef-layout--textual qodef-icon--right qodef-hover--icon-move-horizontal-short qodef-text-underline qodef-underline--left\" href=\"https:\/\/stardustmontecarlo.com\/our-environmental-concern\/\" target=\"_self\">\n\t<span class=\"qodef-m-text\">D\u00e9couvrez notre Approche Environnementale<\/span>\n\t<\/a>\n\t\t<\/div>\n\t\t\t\t<\/div>\n\t\t\t\t\t<\/div>\n\t\t<\/div>\n\t\t\t\t\t<\/div>\n\t\t<\/section>\n\t\t\t\t<section class=\"elementor-section elementor-top-section elementor-element elementor-element-a357163 elementor-section-boxed elementor-section-height-default elementor-section-height-default\" data-id=\"a357163\" data-element_type=\"section\">\n\t\t\t\t\t\t<div class=\"elementor-container elementor-column-gap-default\">\n\t\t\t\t\t<div class=\"elementor-column elementor-col-50 elementor-top-column elementor-element elementor-element-4482e79\" data-id=\"4482e79\" data-element_type=\"column\">\n\t\t\t<div class=\"elementor-widget-wrap elementor-element-populated\">\n\t\t\t\t\t\t<div class=\"elementor-element elementor-element-5de18d0 elementor-invisible elementor-widget elementor-widget-image\" data-id=\"5de18d0\" data-element_type=\"widget\" data-settings=\"{&quot;_animation&quot;:&quot;fadeIn&quot;}\" data-widget_type=\"image.default\">\n\t\t\t\t<div class=\"elementor-widget-container\">\n\t\t\t\t\t\t\t\t\t\t\t\t\t<img decoding=\"async\" src=\"https:\/\/stardustmontecarlo.com\/wp-content\/uploads\/2021\/10\/SAV4049-scaled-1.png\" title=\"SAV4049-scaled\" alt=\"SAV4049-scaled\" loading=\"lazy\" \/>\t\t\t\t\t\t\t\t\t\t\t\t\t<\/div>\n\t\t\t\t<\/div>\n\t\t\t\t\t<\/div>\n\t\t<\/div>\n\t\t\t\t<div class=\"elementor-column elementor-col-50 elementor-top-column elementor-element elementor-element-2f7bf57\" data-id=\"2f7bf57\" data-element_type=\"column\">\n\t\t\t<div class=\"elementor-widget-wrap elementor-element-populated\">\n\t\t\t\t\t\t<div class=\"elementor-element elementor-element-58647c5 elementor-invisible elementor-widget elementor-widget-heading\" data-id=\"58647c5\" data-element_type=\"widget\" data-settings=\"{&quot;_animation&quot;:&quot;fadeIn&quot;}\" data-widget_type=\"heading.default\">\n\t\t\t\t<div class=\"elementor-widget-container\">\n\t\t\t<h2 class=\"elementor-heading-title elementor-size-default\">Garantie<\/h2>\t\t<\/div>\n\t\t\t\t<\/div>\n\t\t\t\t\t<\/div>\n\t\t<\/div>\n\t\t\t\t\t<\/div>\n\t\t<\/section>\n\t\t\t\t<\/div>\n\t\t","protected":false},"excerpt":{"rendered":"<p>L&rsquo;Art de la Haute Joaillerie Notre Expertise L&rsquo;innovation est au c\u0153ur de la d\u00e9marche cr\u00e9ative de la Maison Stardust Monte-Carlo, que ce soit en termes de mat\u00e9riaux ou de techniques de transformation, l&rsquo;innovation s&rsquo;exprime toujours pleinement \u00e0 travers les cr\u00e9ations de la Maison. Notre directrice artistique transmet sa vision \u00e0 chaque pi\u00e8ce de la collection,&hellip; <a class=\"more-link\" href=\"https:\/\/stardustmontecarlo.com\/fr\/lart-de-la-haute-joaillerie-stardust-monte-carlo\/\">Poursuivre la lecture <span class=\"screen-reader-text\">L&rsquo;Art de la Haute Joaillerie | Stardust Monte-Carlo<\/span><\/a><\/p>\n","protected":false},"author":2,"featured_media":0,"parent":0,"menu_order":0,"comment_status":"closed","ping_status":"closed","template":"elementor_header_footer","meta":{"footnotes":""},"class_list":["post-5847","page","type-page","status-publish","hentry","entry"],"_links":{"self":[{"href":"https:\/\/stardustmontecarlo.com\/fr\/wp-json\/wp\/v2\/pages\/5847","targetHints":{"allow":["GET"]}}],"collection":[{"href":"https:\/\/stardustmontecarlo.com\/fr\/wp-json\/wp\/v2\/pages"}],"about":[{"href":"https:\/\/stardustmontecarlo.com\/fr\/wp-json\/wp\/v2\/types\/page"}],"author":[{"embeddable":true,"href":"https:\/\/stardustmontecarlo.com\/fr\/wp-json\/wp\/v2\/users\/2"}],"replies":[{"embeddable":true,"href":"https:\/\/stardustmontecarlo.com\/fr\/wp-json\/wp\/v2\/comments?post=5847"}],"version-history":[{"count":5,"href":"https:\/\/stardustmontecarlo.com\/fr\/wp-json\/wp\/v2\/pages\/5847\/revisions"}],"predecessor-version":[{"id":6133,"href":"https:\/\/stardustmontecarlo.com\/fr\/wp-json\/wp\/v2\/pages\/5847\/revisions\/6133"}],"wp:attachment":[{"href":"https:\/\/stardustmontecarlo.com\/fr\/wp-json\/wp\/v2\/media?parent=5847"}],"curies":[{"name":"wp","href":"https:\/\/api.w.org\/{rel}","templated":true}]}}