{"id":5915,"date":"2021-11-18T09:56:56","date_gmt":"2021-11-18T09:56:56","guid":{"rendered":"https:\/\/stardustmontecarlo.com\/faidee-burma-capsule-collection-stardust\/"},"modified":"2022-09-23T14:58:15","modified_gmt":"2022-09-23T14:58:15","slug":"faidee-burma-capsule-collection-stardust","status":"publish","type":"page","link":"https:\/\/stardustmontecarlo.com\/it\/faidee-burma-capsule-collection-stardust\/","title":{"rendered":"Faidee Burma Capsule Collection | Stardust"},"content":{"rendered":"\t\t<div data-elementor-type=\"wp-page\" data-elementor-id=\"5915\" class=\"elementor elementor-5915 elementor-2490\" data-elementor-post-type=\"page\">\n\t\t\t\t\t\t<section class=\"elementor-section elementor-top-section elementor-element elementor-element-5fee6d76 elementor-section-height-min-height elementor-section-boxed elementor-section-height-default elementor-section-items-middle\" data-id=\"5fee6d76\" data-element_type=\"section\" data-settings=\"{&quot;background_background&quot;:&quot;classic&quot;}\">\n\t\t\t\t\t\t\t<div class=\"elementor-background-overlay\"><\/div>\n\t\t\t\t\t\t\t<div class=\"elementor-container elementor-column-gap-default\">\n\t\t\t\t\t<div class=\"elementor-column elementor-col-100 elementor-top-column elementor-element elementor-element-d0cc3e5\" data-id=\"d0cc3e5\" data-element_type=\"column\">\n\t\t\t<div class=\"elementor-widget-wrap elementor-element-populated\">\n\t\t\t\t\t\t<div class=\"elementor-element elementor-element-6b866363 elementor-invisible elementor-widget elementor-widget-heading\" data-id=\"6b866363\" data-element_type=\"widget\" data-settings=\"{&quot;_animation&quot;:&quot;fadeIn&quot;}\" data-widget_type=\"heading.default\">\n\t\t\t\t<div class=\"elementor-widget-container\">\n\t\t\t<style>\/*! elementor - v3.19.0 - 07-02-2024 *\/\n.elementor-heading-title{padding:0;margin:0;line-height:1}.elementor-widget-heading .elementor-heading-title[class*=elementor-size-]>a{color:inherit;font-size:inherit;line-height:inherit}.elementor-widget-heading .elementor-heading-title.elementor-size-small{font-size:15px}.elementor-widget-heading .elementor-heading-title.elementor-size-medium{font-size:19px}.elementor-widget-heading .elementor-heading-title.elementor-size-large{font-size:29px}.elementor-widget-heading .elementor-heading-title.elementor-size-xl{font-size:39px}.elementor-widget-heading .elementor-heading-title.elementor-size-xxl{font-size:59px}<\/style><h2 class=\"elementor-heading-title elementor-size-default\">Collezione Capsule Faidee Burma<\/h2>\t\t<\/div>\n\t\t\t\t<\/div>\n\t\t\t\t\t<\/div>\n\t\t<\/div>\n\t\t\t\t\t<\/div>\n\t\t<\/section>\n\t\t\t\t<section class=\"elementor-section elementor-top-section elementor-element elementor-element-1a2f6b91 elementor-section-boxed elementor-section-height-default elementor-section-height-default\" data-id=\"1a2f6b91\" data-element_type=\"section\">\n\t\t\t\t\t\t<div class=\"elementor-container elementor-column-gap-default\">\n\t\t\t\t\t<div class=\"elementor-column elementor-col-100 elementor-top-column elementor-element elementor-element-3289e14e\" data-id=\"3289e14e\" data-element_type=\"column\">\n\t\t\t<div class=\"elementor-widget-wrap elementor-element-populated\">\n\t\t\t\t\t\t<div class=\"elementor-element elementor-element-230aaa28 elementor-widget elementor-widget-text-editor\" data-id=\"230aaa28\" data-element_type=\"widget\" data-widget_type=\"text-editor.default\">\n\t\t\t\t<div class=\"elementor-widget-container\">\n\t\t\t<style>\/*! elementor - v3.19.0 - 07-02-2024 *\/\n.elementor-widget-text-editor.elementor-drop-cap-view-stacked .elementor-drop-cap{background-color:#69727d;color:#fff}.elementor-widget-text-editor.elementor-drop-cap-view-framed .elementor-drop-cap{color:#69727d;border:3px solid;background-color:transparent}.elementor-widget-text-editor:not(.elementor-drop-cap-view-default) .elementor-drop-cap{margin-top:8px}.elementor-widget-text-editor:not(.elementor-drop-cap-view-default) .elementor-drop-cap-letter{width:1em;height:1em}.elementor-widget-text-editor .elementor-drop-cap{float:left;text-align:center;line-height:1;font-size:50px}.elementor-widget-text-editor .elementor-drop-cap-letter{display:inline-block}<\/style>\t\t\t\t<p><span data-sheets-value=\"{\"1\":2,\"2\":\"The Faidee FW 2022 Burma Capsule Collection will make you shine like a star.\\n \\nMore fashionable than ever, discover the most exclusive Fine Jewellery limited-edition pieces, worn by the beautiful Frida Asen in the iconic French Riviera.\\n \\n The Collection is a true celebration of beauty and stunning nature.\"}\" data-sheets-userformat=\"{\"2\":15297,\"3\":{\"1\":0},\"9\":1,\"10\":1,\"11\":4,\"12\":0,\"14\":{\"1\":3,\"3\":1},\"15\":\"Arial\",\"16\":12}\" data-sheets-textstyleruns=\"{\"1\":0}\uee10{\"1\":244,\"2\":{}}\uee10{\"1\":245}\">La Capsule Collection di Rubini Burma Faidee vi far\u00e0 brillare come una star.<\/span><\/p><p>Pi\u00f9 alla moda che mai, scopri i pi\u00f9 esclusivi pezzi di Alta Gioielleria in edizione limitata, indossati dalla bellissima Frida Asen nell&#8217;iconica Costa Azzurra.<\/p><p>La Capsule Collection di Rubini Birmani Faidee \u00e8 una vera e propria celebrazione della bellezza e della natura.<\/p>\t\t\t\t\t\t<\/div>\n\t\t\t\t<\/div>\n\t\t\t\t\t<\/div>\n\t\t<\/div>\n\t\t\t\t\t<\/div>\n\t\t<\/section>\n\t\t\t\t<section class=\"elementor-section elementor-top-section elementor-element elementor-element-74fef181 elementor-section-full_width elementor-section-height-default elementor-section-height-default\" data-id=\"74fef181\" data-element_type=\"section\">\n\t\t\t\t\t\t<div class=\"elementor-container elementor-column-gap-no\">\n\t\t\t\t\t<div class=\"elementor-column elementor-col-50 elementor-top-column elementor-element elementor-element-792397cb\" data-id=\"792397cb\" data-element_type=\"column\" data-settings=\"{&quot;background_background&quot;:&quot;classic&quot;}\">\n\t\t\t<div class=\"elementor-widget-wrap elementor-element-populated\">\n\t\t\t\t\t\t<div class=\"elementor-element elementor-element-76dd5d4 elementor-widget elementor-widget-spacer\" data-id=\"76dd5d4\" data-element_type=\"widget\" data-widget_type=\"spacer.default\">\n\t\t\t\t<div class=\"elementor-widget-container\">\n\t\t\t<style>\/*! elementor - v3.19.0 - 07-02-2024 *\/\n.elementor-column .elementor-spacer-inner{height:var(--spacer-size)}.e-con{--container-widget-width:100%}.e-con-inner>.elementor-widget-spacer,.e-con>.elementor-widget-spacer{width:var(--container-widget-width,var(--spacer-size));--align-self:var(--container-widget-align-self,initial);--flex-shrink:0}.e-con-inner>.elementor-widget-spacer>.elementor-widget-container,.e-con>.elementor-widget-spacer>.elementor-widget-container{height:100%;width:100%}.e-con-inner>.elementor-widget-spacer>.elementor-widget-container>.elementor-spacer,.e-con>.elementor-widget-spacer>.elementor-widget-container>.elementor-spacer{height:100%}.e-con-inner>.elementor-widget-spacer>.elementor-widget-container>.elementor-spacer>.elementor-spacer-inner,.e-con>.elementor-widget-spacer>.elementor-widget-container>.elementor-spacer>.elementor-spacer-inner{height:var(--container-widget-height,var(--spacer-size))}.e-con-inner>.elementor-widget-spacer.elementor-widget-empty,.e-con>.elementor-widget-spacer.elementor-widget-empty{position:relative;min-height:22px;min-width:22px}.e-con-inner>.elementor-widget-spacer.elementor-widget-empty .elementor-widget-empty-icon,.e-con>.elementor-widget-spacer.elementor-widget-empty .elementor-widget-empty-icon{position:absolute;top:0;bottom:0;left:0;right:0;margin:auto;padding:0;width:22px;height:22px}<\/style>\t\t<div class=\"elementor-spacer\">\n\t\t\t<div class=\"elementor-spacer-inner\"><\/div>\n\t\t<\/div>\n\t\t\t\t<\/div>\n\t\t\t\t<\/div>\n\t\t\t\t\t<\/div>\n\t\t<\/div>\n\t\t\t\t<div class=\"elementor-column elementor-col-50 elementor-top-column elementor-element elementor-element-50be12a\" data-id=\"50be12a\" data-element_type=\"column\">\n\t\t\t<div class=\"elementor-widget-wrap elementor-element-populated\">\n\t\t\t\t\t\t<div class=\"elementor-element elementor-element-9d1e782 elementor-widget elementor-widget-qi_addons_for_elementor_pricing_list\" data-id=\"9d1e782\" data-element_type=\"widget\" data-widget_type=\"qi_addons_for_elementor_pricing_list.default\">\n\t\t\t\t<div class=\"elementor-widget-container\">\n\t\t\t<div class=\"qodef-shortcode qodef-m qodef-qi-pricing-list qodef-pricing-line--solid qodef-layout--image-before\">\n\t<div class=\"qodef-m-inner\">\n\t\t<div class=\"qodef-m-item qodef-e elementor-repeater-item-c92d896\">\n\t\t<div class=\"qodef-e-item-holder\">\n\t\t\t\t\t<div class=\"qodef-e-heading\">\n\t\t\t\t<h5 class=\"qodef-e-heading-title\">Orecchini Cascade<\/h5>\n\t\t\t\t<div class=\"qodef-e-heading-line\" ><\/div>\n\t\t\t\t\t\t\t\t\t\t\t<\/div>\n\t\t\t\t\t\t\t<p class=\"qodef-e-description\">Pezzo esclusivo della Collezione Capsule Faidee Burma Ruby.\nRubini, sangue di piccione, 29.28 ct e Diamanti 4.53 ct.<\/p>\n\t\t\t<\/div>\n<\/div>\n\t<\/div>\n\t\t<\/div>\n\t\t<\/div>\n\t\t\t\t<\/div>\n\t\t\t\t\t<\/div>\n\t\t<\/div>\n\t\t\t\t\t<\/div>\n\t\t<\/section>\n\t\t\t\t<section class=\"elementor-section elementor-top-section elementor-element elementor-element-f4fbf5e elementor-section-full_width elementor-section-height-default elementor-section-height-default\" data-id=\"f4fbf5e\" data-element_type=\"section\">\n\t\t\t\t\t\t<div class=\"elementor-container elementor-column-gap-no\">\n\t\t\t\t\t<div class=\"elementor-column elementor-col-50 elementor-top-column elementor-element elementor-element-b083f74\" data-id=\"b083f74\" data-element_type=\"column\" data-settings=\"{&quot;background_background&quot;:&quot;classic&quot;}\">\n\t\t\t<div class=\"elementor-widget-wrap elementor-element-populated\">\n\t\t\t\t\t\t<div class=\"elementor-element elementor-element-a5d2edc elementor-widget elementor-widget-spacer\" data-id=\"a5d2edc\" data-element_type=\"widget\" data-widget_type=\"spacer.default\">\n\t\t\t\t<div class=\"elementor-widget-container\">\n\t\t\t\t\t<div class=\"elementor-spacer\">\n\t\t\t<div class=\"elementor-spacer-inner\"><\/div>\n\t\t<\/div>\n\t\t\t\t<\/div>\n\t\t\t\t<\/div>\n\t\t\t\t\t<\/div>\n\t\t<\/div>\n\t\t\t\t<div class=\"elementor-column elementor-col-50 elementor-top-column elementor-element elementor-element-b056514\" data-id=\"b056514\" data-element_type=\"column\">\n\t\t\t<div class=\"elementor-widget-wrap elementor-element-populated\">\n\t\t\t\t\t\t<div class=\"elementor-element elementor-element-cc0ba9b elementor-widget elementor-widget-qi_addons_for_elementor_pricing_list\" data-id=\"cc0ba9b\" data-element_type=\"widget\" data-widget_type=\"qi_addons_for_elementor_pricing_list.default\">\n\t\t\t\t<div class=\"elementor-widget-container\">\n\t\t\t<div class=\"qodef-shortcode qodef-m qodef-qi-pricing-list qodef-pricing-line--solid qodef-layout--image-before\">\n\t<div class=\"qodef-m-inner\">\n\t\t<div class=\"qodef-m-item qodef-e elementor-repeater-item-c92d896\">\n\t\t<div class=\"qodef-e-item-holder\">\n\t\t\t\t\t<div class=\"qodef-e-heading\">\n\t\t\t\t<h5 class=\"qodef-e-heading-title\">Collana Butterfly<\/h5>\n\t\t\t\t<div class=\"qodef-e-heading-line\" ><\/div>\n\t\t\t\t\t\t\t\t\t\t\t<\/div>\n\t\t\t\t\t\t\t<p class=\"qodef-e-description\">Pezzo esclusivo della Collezione Faidee Burma Ruby.<br>\nRubini, sangue di piccione, 73.28 ct e Diamanti 62.93 ct.<\/p>\n\t\t\t<\/div>\n<\/div>\n\t<\/div>\n\t\t<\/div>\n\t\t<\/div>\n\t\t\t\t<\/div>\n\t\t\t\t\t<\/div>\n\t\t<\/div>\n\t\t\t\t\t<\/div>\n\t\t<\/section>\n\t\t\t\t<section class=\"elementor-section elementor-top-section elementor-element elementor-element-dd74c6b elementor-section-full_width elementor-section-height-default elementor-section-height-default\" data-id=\"dd74c6b\" data-element_type=\"section\">\n\t\t\t\t\t\t<div class=\"elementor-container elementor-column-gap-no\">\n\t\t\t\t\t<div class=\"elementor-column elementor-col-50 elementor-top-column elementor-element elementor-element-e44b3c0\" data-id=\"e44b3c0\" data-element_type=\"column\" data-settings=\"{&quot;background_background&quot;:&quot;classic&quot;}\">\n\t\t\t<div class=\"elementor-widget-wrap elementor-element-populated\">\n\t\t\t\t\t\t<div class=\"elementor-element elementor-element-83d9797 elementor-widget elementor-widget-spacer\" data-id=\"83d9797\" data-element_type=\"widget\" data-widget_type=\"spacer.default\">\n\t\t\t\t<div class=\"elementor-widget-container\">\n\t\t\t\t\t<div class=\"elementor-spacer\">\n\t\t\t<div class=\"elementor-spacer-inner\"><\/div>\n\t\t<\/div>\n\t\t\t\t<\/div>\n\t\t\t\t<\/div>\n\t\t\t\t\t<\/div>\n\t\t<\/div>\n\t\t\t\t<div class=\"elementor-column elementor-col-50 elementor-top-column elementor-element elementor-element-88e145d\" data-id=\"88e145d\" data-element_type=\"column\">\n\t\t\t<div class=\"elementor-widget-wrap elementor-element-populated\">\n\t\t\t\t\t\t<div class=\"elementor-element elementor-element-6f6738c elementor-widget elementor-widget-qi_addons_for_elementor_pricing_list\" data-id=\"6f6738c\" data-element_type=\"widget\" data-widget_type=\"qi_addons_for_elementor_pricing_list.default\">\n\t\t\t\t<div class=\"elementor-widget-container\">\n\t\t\t<div class=\"qodef-shortcode qodef-m qodef-qi-pricing-list qodef-pricing-line--solid qodef-layout--image-before\">\n\t<div class=\"qodef-m-inner\">\n\t\t<div class=\"qodef-m-item qodef-e elementor-repeater-item-c92d896\">\n\t\t<div class=\"qodef-e-item-holder\">\n\t\t\t\t\t<div class=\"qodef-e-heading\">\n\t\t\t\t<h5 class=\"qodef-e-heading-title\">Anello Splendor<\/h5>\n\t\t\t\t<div class=\"qodef-e-heading-line\" ><\/div>\n\t\t\t\t\t\t\t\t\t\t\t<\/div>\n\t\t\t\t\t\t\t<p class=\"qodef-e-description\">Pezzo esclusivo della Collezione Faidee Burma Ruby.<br>\nRubino centrale, sangue di piccione, 8.07 ct e Diamanti 5.88 ct.<\/p>\n\t\t\t<\/div>\n<\/div>\n\t<\/div>\n\t\t<\/div>\n\t\t<\/div>\n\t\t\t\t<\/div>\n\t\t\t\t<div class=\"elementor-element elementor-element-59079f8 elementor-widget__width-auto elementor-widget elementor-widget-qi_addons_for_elementor_button\" data-id=\"59079f8\" data-element_type=\"widget\" data-widget_type=\"qi_addons_for_elementor_button.default\">\n\t\t\t\t<div class=\"elementor-widget-container\">\n\t\t\t<a class=\"qodef-shortcode qodef-m qodef-qi-button qodef-html--link qodef-layout--textual qodef-icon--right qodef-hover--icon-move-horizontal-short qodef-text-underline qodef-underline--left\" href=\"https:\/\/stardustmontecarlo.com\/fine-jewellery-haute-joaillerie\/\" target=\"_self\">\n\t<span class=\"qodef-m-text\">Haute Joaillerie<\/span>\n\t<\/a>\n\t\t<\/div>\n\t\t\t\t<\/div>\n\t\t\t\t\t<\/div>\n\t\t<\/div>\n\t\t\t\t\t<\/div>\n\t\t<\/section>\n\t\t\t\t<\/div>\n\t\t","protected":false},"excerpt":{"rendered":"<p>Collezione Capsule Faidee Burma La Capsule Collection di Rubini Burma Faidee vi far\u00e0 brillare come una star. Pi\u00f9 alla moda che mai, scopri i pi\u00f9 esclusivi pezzi di Alta Gioielleria in edizione limitata, indossati dalla bellissima Frida Asen nell&#8217;iconica Costa Azzurra. La Capsule Collection di Rubini Birmani Faidee \u00e8 una vera e propria celebrazione della&hellip; <a class=\"more-link\" href=\"https:\/\/stardustmontecarlo.com\/it\/faidee-burma-capsule-collection-stardust\/\">Continua a leggere <span class=\"screen-reader-text\">Faidee Burma Capsule Collection | Stardust<\/span><\/a><\/p>\n","protected":false},"author":2,"featured_media":0,"parent":0,"menu_order":0,"comment_status":"closed","ping_status":"closed","template":"elementor_header_footer","meta":{"footnotes":""},"class_list":["post-5915","page","type-page","status-publish","hentry","entry"],"_links":{"self":[{"href":"https:\/\/stardustmontecarlo.com\/it\/wp-json\/wp\/v2\/pages\/5915","targetHints":{"allow":["GET"]}}],"collection":[{"href":"https:\/\/stardustmontecarlo.com\/it\/wp-json\/wp\/v2\/pages"}],"about":[{"href":"https:\/\/stardustmontecarlo.com\/it\/wp-json\/wp\/v2\/types\/page"}],"author":[{"embeddable":true,"href":"https:\/\/stardustmontecarlo.com\/it\/wp-json\/wp\/v2\/users\/2"}],"replies":[{"embeddable":true,"href":"https:\/\/stardustmontecarlo.com\/it\/wp-json\/wp\/v2\/comments?post=5915"}],"version-history":[{"count":10,"href":"https:\/\/stardustmontecarlo.com\/it\/wp-json\/wp\/v2\/pages\/5915\/revisions"}],"predecessor-version":[{"id":6275,"href":"https:\/\/stardustmontecarlo.com\/it\/wp-json\/wp\/v2\/pages\/5915\/revisions\/6275"}],"wp:attachment":[{"href":"https:\/\/stardustmontecarlo.com\/it\/wp-json\/wp\/v2\/media?parent=5915"}],"curies":[{"name":"wp","href":"https:\/\/api.w.org\/{rel}","templated":true}]}}